{"id":880,"date":"2020-10-09T15:15:29","date_gmt":"2020-10-09T15:15:29","guid":{"rendered":"https:\/\/boriesformulaexperience.com\/?page_id=880"},"modified":"2020-10-09T15:27:40","modified_gmt":"2020-10-09T15:27:40","slug":"activites-pour-les-entreprises","status":"publish","type":"page","link":"https:\/\/boriesformulaexperience.com\/index.php\/fr\/activites-pour-les-entreprises\/","title":{"rendered":"Activit\u00e9s pour les entreprises"},"content":{"rendered":"\t\t<div data-elementor-type=\"wp-page\" data-elementor-id=\"880\" class=\"elementor elementor-880\">\n\t\t\t\t\t\t<section class=\"elementor-section elementor-top-section elementor-element elementor-element-4841b8c elementor-section-boxed elementor-section-height-default elementor-section-height-default\" data-id=\"4841b8c\" data-element_type=\"section\">\n\t\t\t\t\t\t<div class=\"elementor-container elementor-column-gap-default\">\n\t\t\t\t\t<div class=\"elementor-column elementor-col-100 elementor-top-column elementor-element elementor-element-436e2c2\" data-id=\"436e2c2\" data-element_type=\"column\">\n\t\t\t<div class=\"elementor-widget-wrap\">\n\t\t\t\t\t\t\t<\/div>\n\t\t<\/div>\n\t\t\t\t\t<\/div>\n\t\t<\/section>\n\t\t\t\t<section class=\"elementor-section elementor-top-section elementor-element elementor-element-6f96688f elementor-section-boxed elementor-section-height-default elementor-section-height-default\" data-id=\"6f96688f\" data-element_type=\"section\" data-settings=\"{&quot;background_background&quot;:&quot;classic&quot;}\">\n\t\t\t\t\t\t<div class=\"elementor-container elementor-column-gap-default\">\n\t\t\t\t\t<div class=\"elementor-column elementor-col-100 elementor-top-column elementor-element elementor-element-6aa27530\" data-id=\"6aa27530\" data-element_type=\"column\" data-settings=\"{&quot;background_background&quot;:&quot;classic&quot;}\">\n\t\t\t<div class=\"elementor-widget-wrap elementor-element-populated\">\n\t\t\t\t\t\t<div class=\"elementor-element elementor-element-308dfc41 elementor-widget elementor-widget-heading\" data-id=\"308dfc41\" data-element_type=\"widget\" data-widget_type=\"heading.default\">\n\t\t\t\t<div class=\"elementor-widget-container\">\n\t\t\t<h2 class=\"elementor-heading-title elementor-size-large\">Activit\u00e9s pour les entreprises<\/h2>\t\t<\/div>\n\t\t\t\t<\/div>\n\t\t\t\t<div class=\"elementor-element elementor-element-76f0a26f elementor-widget elementor-widget-text-editor\" data-id=\"76f0a26f\" data-element_type=\"widget\" data-widget_type=\"text-editor.default\">\n\t\t\t\t<div class=\"elementor-widget-container\">\n\t\t\t\t\t\t\tLes entreprises sont de plus en plus exigeantes pour l&#8217;organisation d&#8217;\u00e9v\u00e9nements incentive ou pour leurs meilleurs clients.<\/br><\/br>\nLe monde de l&#8217;automobile est et sera toujours l&#8217;un des secteurs les plus attractifs et chez Bories Formula Experience nous le savons, c&#8217;est pourquoi nos exp\u00e9riences avec les formules Renault 2.0 sont parmi les plus exclusives et passionnantes en Espagne. <\/br><\/br>Dans nos exp\u00e9riences, les participants entreront sur la piste avec une vraie monoplace de comp\u00e9tition et profiteront d&#8217;exp\u00e9riences ou de cours qu&#8217;ils inoubliables . Un environnement de course, dans des installations de haute qualit\u00e9 sur le circuit de Carthag\u00e8ne, o\u00f9 nous avons diff\u00e9rentes salles pour tout type d&#8217;\u00e9v\u00e9nement et avec les services n\u00e9cessaires pour une excellente journ\u00e9e.<\/br><\/br> Des \u00e9v\u00e9nements organis\u00e9s sur mesure pour chaque client pour satisfaire tous les besoins et offrir aux employ\u00e9s, amis ou clients une journ\u00e9e de qualit\u00e9 et inoubliable.\t\t\t\t\t\t<\/div>\n\t\t\t\t<\/div>\n\t\t\t\t<div class=\"elementor-element elementor-element-5a8f3f33 elementor-align-left elementor-tablet-align-center elementor-mobile-align-center elementor-widget elementor-widget-button\" data-id=\"5a8f3f33\" data-element_type=\"widget\" data-widget_type=\"button.default\">\n\t\t\t\t<div class=\"elementor-widget-container\">\n\t\t\t\t\t<div class=\"elementor-button-wrapper\">\n\t\t\t<a class=\"elementor-button elementor-button-link elementor-size-sm\" href=\"#\">\n\t\t\t\t\t\t<span class=\"elementor-button-content-wrapper\">\n\t\t\t\t\t\t<span class=\"elementor-button-icon elementor-align-icon-right\">\n\t\t\t\t<i aria-hidden=\"true\" class=\"fas fa-caret-right\"><\/i>\t\t\t<\/span>\n\t\t\t\t\t\t<span class=\"elementor-button-text\">contacter<\/span>\n\t\t<\/span>\n\t\t\t\t\t<\/a>\n\t\t<\/div>\n\t\t\t\t<\/div>\n\t\t\t\t<\/div>\n\t\t\t\t\t<\/div>\n\t\t<\/div>\n\t\t\t\t\t<\/div>\n\t\t<\/section>\n\t\t\t\t<\/div>\n\t\t","protected":false},"excerpt":{"rendered":"<p>Activit\u00e9s pour les entreprises Les entreprises sont de plus en plus exigeantes pour l&#8217;organisation d&#8217;\u00e9v\u00e9nements incentive ou pour leurs meilleurs clients. Le monde de l&#8217;automobile est et sera toujours l&#8217;un des secteurs les plus attractifs et chez Bories Formula Experience nous le savons, c&#8217;est pourquoi nos exp\u00e9riences avec les formules Renault 2.0 sont parmi les [&hellip;]<\/p>\n","protected":false},"author":1,"featured_media":0,"parent":0,"menu_order":0,"comment_status":"closed","ping_status":"closed","template":"","meta":{"_joinchat":[],"footnotes":""},"_links":{"self":[{"href":"https:\/\/boriesformulaexperience.com\/index.php\/wp-json\/wp\/v2\/pages\/880"}],"collection":[{"href":"https:\/\/boriesformulaexperience.com\/index.php\/wp-json\/wp\/v2\/pages"}],"about":[{"href":"https:\/\/boriesformulaexperience.com\/index.php\/wp-json\/wp\/v2\/types\/page"}],"author":[{"embeddable":true,"href":"https:\/\/boriesformulaexperience.com\/index.php\/wp-json\/wp\/v2\/users\/1"}],"replies":[{"embeddable":true,"href":"https:\/\/boriesformulaexperience.com\/index.php\/wp-json\/wp\/v2\/comments?post=880"}],"version-history":[{"count":3,"href":"https:\/\/boriesformulaexperience.com\/index.php\/wp-json\/wp\/v2\/pages\/880\/revisions"}],"predecessor-version":[{"id":884,"href":"https:\/\/boriesformulaexperience.com\/index.php\/wp-json\/wp\/v2\/pages\/880\/revisions\/884"}],"wp:attachment":[{"href":"https:\/\/boriesformulaexperience.com\/index.php\/wp-json\/wp\/v2\/media?parent=880"}],"curies":[{"name":"wp","href":"https:\/\/api.w.org\/{rel}","templated":true}]}}